{"id":15,"date":"2015-02-27T12:05:28","date_gmt":"2015-02-27T11:05:28","guid":{"rendered":"http:\/\/ibex.cs\/?page_id=15"},"modified":"2017-03-31T12:19:26","modified_gmt":"2017-03-31T11:19:26","slug":"alojamiento","status":"publish","type":"page","link":"https:\/\/ibex.eus\/es\/alojamiento\/","title":{"rendered":"Alojamiento"},"content":{"rendered":"<p>En IB-Ex sabemos que una estancia satisfactoria en Inglaterra depende, en gran medida, de la calidad de la familia anfitriona y por eso en IB-ex somos muy selectivos a la hora de\u00a0escoger el mejor entorno para nuestros alumnos. Para nosotros, una buena familia de acogida es aquella que se toma un inter\u00e9s real por el alumno y hace todo lo posible para que su estancia en Inglaterra sea de provecho. Nuestra dilatada experiencia\u00a0\u00a0organizando cursos de idiomas en verano en North Devon, nos permite contar con una amplia red de familias anfitrionas de calidad. Contamos con todo tipo de familias de acogida;\u00a0 lo que importa es la voluntad conectar con el alumno y se sienta bienvenido.<\/p>\n<h3>Nuestras familias de acogida aseguran :<\/h3>\n<ul>\n<li>Hacer todo lo posible para que el alumno se sienta bienvenido y ayudarle a extraer el m\u00e1ximo provecho de su estancia en North Devon.<\/li>\n<li>Que el alumno tenga un dormitorio para su uso exclusivo.<\/li>\n<li>Avisar si tienen alg\u00fan otro estudiante extranjero, y no alojar simult\u00e1neamente a ning\u00fan otro alumno que hable espa\u00f1ol.<\/li>\n<li>En casos excepcionales donde el nivel de competencia ling\u00fcistica del alumno-a sea bajo, Ib-ex aconseja a la familia anfitriona acoger a dos estudiantes de la misma nacionalidad , a fin de fomentar una mayor comunicaci\u00f3n entre la familia anfitriona y los alumnos-as.<\/li>\n<li>Pensi\u00f3n completa y alojamiento &#8211; incluyendo un almuerzo para llevar cada d\u00eda entre semana.<\/li>\n<li>Recoger a su alumno el d\u00eda de llegada (en Barnstaple) y llevarlo al autob\u00fas el d\u00eda de vuelta.<\/li>\n<li>Organizar un\u00a0\u00bb family day\u00bb semanal en compa\u00f1\u00eda del alumno-a.<\/li>\n<li>Comunicaci\u00f3n fluida con los responsables de IB-Ex .<\/li>\n<li>Un entorno emocional\u00a0agradable \u00a0favoreciendo la comunicaci\u00f3n con el estudiante.<\/li>\n<\/ul>\n<h3>Las familias pueden esperar de nosotros lo siguiente:<\/h3>\n<ul>\n<li>Un alto nivel de servicio y apoyo. Tenemos diversos supervisores &#8211; una ratio de 1 supervisor por cada 10 alumnos- cuyo \u00fanico trabajo es cuidar de los alumnos.<\/li>\n<\/ul>\n<p><\/p>","protected":false},"excerpt":{"rendered":"<p>Para nosotos, una buena familia de acogida es aquella que se toma un inter\u00e9s real por el alumno y hace todo lo posible para que su estancia en Inglaterra sea de provecho. Contamos con todo tipo de familias de acogida; sea una madre o padre soltero, una pareja jubilada, una familia con ni\u00f1os o una pareja sin ellos, lo que importa es la voluntad conectar con el alumno y se sienta bienvenido. Y, aunque siempre es de agradecer el ingreso extra que el alumno aporta, esperamos que no sea la \u00fanica raz\u00f3n.<\/p>\n","protected":false},"author":1,"featured_media":66,"parent":0,"menu_order":0,"comment_status":"open","ping_status":"open","template":"","meta":[],"_links":{"self":[{"href":"https:\/\/ibex.eus\/es\/wp-json\/wp\/v2\/pages\/15"}],"collection":[{"href":"https:\/\/ibex.eus\/es\/wp-json\/wp\/v2\/pages"}],"about":[{"href":"https:\/\/ibex.eus\/es\/wp-json\/wp\/v2\/types\/page"}],"author":[{"embeddable":true,"href":"https:\/\/ibex.eus\/es\/wp-json\/wp\/v2\/users\/1"}],"replies":[{"embeddable":true,"href":"https:\/\/ibex.eus\/es\/wp-json\/wp\/v2\/comments?post=15"}],"version-history":[{"count":34,"href":"https:\/\/ibex.eus\/es\/wp-json\/wp\/v2\/pages\/15\/revisions"}],"predecessor-version":[{"id":215,"href":"https:\/\/ibex.eus\/es\/wp-json\/wp\/v2\/pages\/15\/revisions\/215"}],"wp:featuredmedia":[{"embeddable":true,"href":"https:\/\/ibex.eus\/es\/wp-json\/wp\/v2\/media\/66"}],"wp:attachment":[{"href":"https:\/\/ibex.eus\/es\/wp-json\/wp\/v2\/media?parent=15"}],"curies":[{"name":"wp","href":"https:\/\/api.w.org\/{rel}","templated":true}]}}