{"id":179,"date":"2017-02-13T15:34:22","date_gmt":"2017-02-13T14:34:22","guid":{"rendered":"http:\/\/ibex.eus\/?page_id=179"},"modified":"2025-02-06T14:23:54","modified_gmt":"2025-02-06T13:23:54","slug":"a-three-week-family-stay-course","status":"publish","type":"page","link":"https:\/\/ibex.eus\/es\/the-courses\/a-three-week-family-stay-course\/","title":{"rendered":"A three week family stay course"},"content":{"rendered":"<p><\/p>\n<h2>Un curso intensivo de tres semanas<\/h2>\n<p>Un grupo de profesores altamente cualificados imparte clases reducidas con un m\u00e1ximo de 10 alumnos por grupo. Los estudiantes reciben clases de ingl\u00e9s de 9:30 a 13:00. Adem\u00e1s, se imparten clases de 14:00 a 15:30 tres veces por semana. Los estudiantes deben leer dos libros de lectura graduada y presentar sendos res\u00famenes. Doble examen escrito &#8211; oral y posteriores calificaciones que ser\u00e1n remitidas inmediatamente a casa. Preparaci\u00f3n de los examenes de Cambridge (First Certificate, Advanced, Proficiency).<\/p>\n<h2>Nuestra tarifa incluye<\/h2>\n<ul>\n<li>Estancia y mantenimiento (desayuno, comida y\u00a0cena) en una familia inglesa.<\/li>\n<li>Asistencia a clases y material escolar (incluyendo\u00a0libros de txto).<\/li>\n<li>Transporte de ida y vuelta desde Eibar a\u00a0Inglaterra.<\/li>\n<li>Transporte diario al colegio de ida y vuelta.<\/li>\n<li>Actividades y excursiones semanales.<\/li>\n<\/ul>\n<h2>Familias seleccionadas cuidadosamente<\/h2>\n<p>Las familias acogen a un solo estudiante espa\u00f1ol,\u00a0favoreciendo as\u00ed la intercomunicaci\u00f3n estudiante-familia por medio del idioma ingl\u00e9s. Las familias\u00a0est\u00e1n distribuidas entre 6 o 7 peque\u00f1os pueblos en\u00a0North Devon, evitando asi la masificaci\u00f3n de\u00a0estudiantes en una misma ciudad o pueblo.<\/p>\n<h2>Un conjunto de actividades socio-culturales<\/h2>\n<p>Permiten al estudiante evadirse un poco de la\u00a0rutina diaria de clases, ejercicios a realizar&#8230; Estas\u00a0actividades se realizan los mi\u00e9rcoles y s\u00e1bados. Los\u00a0domingos son \u201cfamily day\u201d. Nuestras instalaciones\u00a0disponen de piscina, pista de tenis, squash,\u00a0campos de f\u00fatbol y amplios espacios verdes&#8230;<\/p>\n<h2>Presencia de monitores<\/h2>\n<p>En todos y cada uno de los pueblos en los que se\u00a0encuentran nuestros estudiantes. Disponibilidad\u00a0durante 24 horas al d\u00eda de los organizadores del\u00a0curso, ante cualquier eventualidad concerniente a\u00a0los estudiantes o familias anfitrionadas.<\/p>\n<h2>Una zona tranquila de enorme belleza<\/h2>\n<p>El norte del condado de Devon es una zona rural,\u00a0con peque\u00f1os pueblos donde el gusto por mantener\u00a0la tradici\u00f3n inglesa se mantiene a\u00fan muy vivo.<\/p>\n<p>&nbsp;<\/p>","protected":false},"excerpt":{"rendered":"<p>Un curso intensivo de tres semanas Un grupo de profesores altamente cualificados imparte clases reducidas con un m\u00e1ximo de 10 alumnos por grupo. Los estudiantes reciben clases de ingl\u00e9s de 9:30 a 13:00. Adem\u00e1s, se imparten clases de 14:00 a 15:30 tres veces por semana. Los estudiantes deben leer dos libros de lectura graduada y [&hellip;]<\/p>\n","protected":false},"author":1,"featured_media":0,"parent":20,"menu_order":0,"comment_status":"closed","ping_status":"closed","template":"","meta":[],"_links":{"self":[{"href":"https:\/\/ibex.eus\/es\/wp-json\/wp\/v2\/pages\/179"}],"collection":[{"href":"https:\/\/ibex.eus\/es\/wp-json\/wp\/v2\/pages"}],"about":[{"href":"https:\/\/ibex.eus\/es\/wp-json\/wp\/v2\/types\/page"}],"author":[{"embeddable":true,"href":"https:\/\/ibex.eus\/es\/wp-json\/wp\/v2\/users\/1"}],"replies":[{"embeddable":true,"href":"https:\/\/ibex.eus\/es\/wp-json\/wp\/v2\/comments?post=179"}],"version-history":[{"count":12,"href":"https:\/\/ibex.eus\/es\/wp-json\/wp\/v2\/pages\/179\/revisions"}],"predecessor-version":[{"id":285,"href":"https:\/\/ibex.eus\/es\/wp-json\/wp\/v2\/pages\/179\/revisions\/285"}],"up":[{"embeddable":true,"href":"https:\/\/ibex.eus\/es\/wp-json\/wp\/v2\/pages\/20"}],"wp:attachment":[{"href":"https:\/\/ibex.eus\/es\/wp-json\/wp\/v2\/media?parent=179"}],"curies":[{"name":"wp","href":"https:\/\/api.w.org\/{rel}","templated":true}]}}