{"id":18,"date":"2015-02-27T12:09:18","date_gmt":"2015-02-27T11:09:18","guid":{"rendered":"http:\/\/ibex.cs\/?page_id=18"},"modified":"2017-02-14T12:07:57","modified_gmt":"2017-02-14T11:07:57","slug":"our-students","status":"publish","type":"page","link":"https:\/\/ibex.eus\/es\/our-students\/","title":{"rendered":"Nuestros Alumnos"},"content":{"rendered":"<p>APRENDE UN IDIOMA VIVIENDOLO<\/p>\n<p>Nuestros alumnos tienen edades comprendidas entre los 11 y los 18 a\u00f1os.\u00a0No se trata de principiantes ya que llevan cierto tiempo aprendiendo ingl\u00e9s. Los alumnos estar\u00e1n divididos en diferentes clases, seg\u00fan su competencia ling\u00fc\u00edstica. Cada grupo tendr\u00e1 un m\u00e1ximo de 10-12 alumnos.<\/p>\n<p>No hay duda de que un programa de inmersi\u00f3n ling\u00fc\u00edstica acudiendo a clases de lengua inglesa mientras convives con una familia anfitriona es la mejor manera de progresar en el conocimiento de un idioma. en IB-Ex tenemos dilatada experiencia conjugando dentro de nuestros cursos una actividad lectiva seria (curso intensivo) con un programa l\u00fadico de entretenimiento.<\/p>\n<p>En IB-Ex pensamos que la mejor forma de aprender un idioma es vivi\u00e9ndolo, por eso, a fin de facilitar la intercomunicaci\u00f3n en Ingl\u00e9s y de evitar la presencia de un gran n\u00famero de estudiantes en el mismo pueblo, distribuimos\u00a0a nuestros estudiantes en distintos pueblos en el entorno de North Devon.<\/p>\n<p>Nuestros alumnos provienen de todo el Pa\u00eds Vasco.<\/p>\n<p>Nuestra metodolog\u00eda promueve la comunicaci\u00f3n, haciendo las lecciones din\u00e1micas y vibrantes. Tambi\u00e9n guiamos a nuestros alumnos hacia los examenes de Cambridge Univesity (KET, PET, FCE, CAE, CPE).<\/p>","protected":false},"excerpt":{"rendered":"<p>Nuestros alumnos tienen edades comprendidas entre los 11 y los 18 a\u00f1os. No se trata de principiantes ya que llevan cierto tiempo aprendiendo ingl\u00e9s. Durante el curso dividimos a los alumnos en grupos, en funci\u00f3n de su competencia ling\u00fc\u00edstica. Cada grupo tendr\u00e1 un m\u00e1ximo de 10-12 alumnos.<\/p>\n","protected":false},"author":1,"featured_media":64,"parent":0,"menu_order":0,"comment_status":"open","ping_status":"open","template":"","meta":[],"_links":{"self":[{"href":"https:\/\/ibex.eus\/es\/wp-json\/wp\/v2\/pages\/18"}],"collection":[{"href":"https:\/\/ibex.eus\/es\/wp-json\/wp\/v2\/pages"}],"about":[{"href":"https:\/\/ibex.eus\/es\/wp-json\/wp\/v2\/types\/page"}],"author":[{"embeddable":true,"href":"https:\/\/ibex.eus\/es\/wp-json\/wp\/v2\/users\/1"}],"replies":[{"embeddable":true,"href":"https:\/\/ibex.eus\/es\/wp-json\/wp\/v2\/comments?post=18"}],"version-history":[{"count":16,"href":"https:\/\/ibex.eus\/es\/wp-json\/wp\/v2\/pages\/18\/revisions"}],"predecessor-version":[{"id":202,"href":"https:\/\/ibex.eus\/es\/wp-json\/wp\/v2\/pages\/18\/revisions\/202"}],"wp:featuredmedia":[{"embeddable":true,"href":"https:\/\/ibex.eus\/es\/wp-json\/wp\/v2\/media\/64"}],"wp:attachment":[{"href":"https:\/\/ibex.eus\/es\/wp-json\/wp\/v2\/media?parent=18"}],"curies":[{"name":"wp","href":"https:\/\/api.w.org\/{rel}","templated":true}]}}