{"id":23,"date":"2015-02-27T12:12:59","date_gmt":"2015-02-27T11:12:59","guid":{"rendered":"http:\/\/ibex.cs\/?page_id=23"},"modified":"2025-02-06T14:25:03","modified_gmt":"2025-02-06T13:25:03","slug":"course-registration","status":"publish","type":"page","link":"https:\/\/ibex.eus\/es\/course-registration\/","title":{"rendered":"Matr\u00edcula"},"content":{"rendered":"<p>Para realizar la matr\u00edcula en alguno de nuestros cursos, debes de rellenar :<\/p>\n<ol>\n<li>El documento Formulario de inscripci\u00f3n<\/li>\n<li>Una copia firmada del documento Condiciones Generales .<\/li>\n<li>Una copia del pasaporte en vigor<\/li>\n<li>Un dep\u00f3sito de 600 euros.<\/li>\n<\/ol>\n<p><\/p>","protected":false},"excerpt":{"rendered":"<p>Para realizar la matr\u00edcula en alguno de nuestros cursos, debes de rellenar : El documento Formulario de inscripci\u00f3n Una copia firmada del documento Condiciones Generales . Una copia del pasaporte en vigor Un dep\u00f3sito de 600 euros.<\/p>\n","protected":false},"author":1,"featured_media":60,"parent":0,"menu_order":0,"comment_status":"open","ping_status":"open","template":"","meta":[],"_links":{"self":[{"href":"https:\/\/ibex.eus\/es\/wp-json\/wp\/v2\/pages\/23"}],"collection":[{"href":"https:\/\/ibex.eus\/es\/wp-json\/wp\/v2\/pages"}],"about":[{"href":"https:\/\/ibex.eus\/es\/wp-json\/wp\/v2\/types\/page"}],"author":[{"embeddable":true,"href":"https:\/\/ibex.eus\/es\/wp-json\/wp\/v2\/users\/1"}],"replies":[{"embeddable":true,"href":"https:\/\/ibex.eus\/es\/wp-json\/wp\/v2\/comments?post=23"}],"version-history":[{"count":8,"href":"https:\/\/ibex.eus\/es\/wp-json\/wp\/v2\/pages\/23\/revisions"}],"predecessor-version":[{"id":286,"href":"https:\/\/ibex.eus\/es\/wp-json\/wp\/v2\/pages\/23\/revisions\/286"}],"wp:featuredmedia":[{"embeddable":true,"href":"https:\/\/ibex.eus\/es\/wp-json\/wp\/v2\/media\/60"}],"wp:attachment":[{"href":"https:\/\/ibex.eus\/es\/wp-json\/wp\/v2\/media?parent=23"}],"curies":[{"name":"wp","href":"https:\/\/api.w.org\/{rel}","templated":true}]}}