{"id":150,"date":"2015-10-23T09:13:49","date_gmt":"2015-10-23T08:13:49","guid":{"rendered":"http:\/\/ibex.eus\/?page_id=150"},"modified":"2021-07-21T15:52:54","modified_gmt":"2021-07-21T14:52:54","slug":"legal-notice","status":"publish","type":"page","link":"https:\/\/ibex.eus\/eu\/legal-notice\/","title":{"rendered":"Lege Oharra"},"content":{"rendered":"<p><\/p>\n<h2>1.- Identidad del titular de la presente web<\/h2>\n<p>En cumplimiento de la Ley 34\/2002, de 11 de julio, de Servicios de la Sociedad de la Informaci\u00f3n y de Comercio\u00a0Electr\u00f3nico, le informamos que el titular de www.ibex.eus es:<\/p>\n<ul>\n<li><strong>Raz\u00f3n social:<\/strong> TERESA AGUIRREGOMEZCORTA AGUIRRE Y OTRA CB<\/li>\n<li><strong>C.I.F. n\u00ba:<\/strong> E75191635<\/li>\n<li><strong>Direcci\u00f3n: <\/strong>C\/ Errebal N15, 1.centro. 20600 Eibar, Guip\u00fazcoa<\/li>\n<li><strong>Tel\u00e9fono: <\/strong>688 845 173<\/li>\n<li><strong>Correo electr\u00f3nico:<\/strong>\u00a0info@ibex.eus<\/li>\n<\/ul>\n<h2>2.- Condiciones generales de uso de este sitio web<\/h2>\n<p>El acceso a esta p\u00e1gina web le atribuye la condici\u00f3n de \u201cUsuario\u201d, lo cual implica su aceptaci\u00f3n expresa y sin\u00a0reservas de las condiciones que est\u00e9n publicadas en www.ibex.eus, en el momento en que acceda a la web. Por<\/p>\n<p>lo tanto, el Usuario deber\u00e1 leer las presentes condiciones generales de uso, siempre que se proponga acceder y\u00a0en su caso utilizar los servicios prestados a trav\u00e9s de esta web, ya que estas condiciones pueden sufrir<\/p>\n<p>modificaciones.<\/p>\n<p>En este sentido, se entender\u00e1 por \u201cUsuario\u201d a la persona que acceda, navegue, utilice o participe en los servicios\u00a0y actividades, gratuitas u onerosas, desarrolladas en www.ibex.eus.<\/p>\n<h3>2.1.- Objeto y \u00e1mbito de aplicaci\u00f3n<\/h3>\n<p>Las presentes condiciones generales de uso, regulan el acceso, navegaci\u00f3n y uso de www.ibex.eus y las\u00a0responsabilidades derivadas de la utilizaci\u00f3n de sus contenidos tales como los textos, gr\u00e1ficos, dibujos, dise\u00f1os,<\/p>\n<p>c\u00f3digos, software, fotograf\u00edas, m\u00fasica, v\u00eddeos, sonidos, bases de datos, im\u00e1genes, expresiones e informaciones,\u00a0as\u00ed como cualquier otra creaci\u00f3n protegida por las leyes nacionales y los tratados internacionales sobre propiedad\u00a0intelectual e industrial.<\/p>\n<h3>2.2.- Condiciones acceso y utilizaci\u00f3n de los servicios<\/h3>\n<ol>\n<li>El acceso a www.ibex.eus en principio tiene car\u00e1cter libre y gratuito.<\/li>\n<li>En todo momento, el Usuario debe realizar un uso l\u00edcito de los servicios de la presente web, de acuerdo\u00a0con las presentes condiciones, la legalidad vigente, la moral y el orden p\u00fablico as\u00ed como las pr\u00e1cticas\u00a0generalmente aceptadas en Internet.<\/li>\n<li>El Usuario garantiza que toda la informaci\u00f3n aportada a trav\u00e9s de los formularios incluidos en esta web\u00a0es l\u00edcita, real, exacta, veraz y actualizada. Ser\u00e1 exclusiva responsabilidad del Usuario la comunicaci\u00f3n\u00a0inmediata a IB-EX de cualquier modificaci\u00f3n que pueda darse en la informaci\u00f3n suministrada.<\/li>\n<li>El Usuario se abstendr\u00e1 de: introducir virus, programas, macros o cualquier secuencia de caracteres con\u00a0la finalidad de da\u00f1ar o alterar los sistemas inform\u00e1ticos de esta web; obstaculizar el acceso de otros\u00a0usuarios mediante el consumo masivo de recursos; captar datos incluidos en esta web con finalidad\u00a0publicitaria; reproducir, copiar, distribuir, transformar o poner a disposici\u00f3n de terceros los contenidos\u00a0incluidos en esta web; realizar acciones a trav\u00e9s de los servicios incluidos en esta web que puedan\u00a0lesionar la propiedad intelectual, secretos industriales, compromisos contractuales, derechos al honor, a\u00a0la imagen y la intimidad personal de terceros; realizar acciones de competencia desleal y publicidad\u00a0il\u00edcita.<\/li>\n<\/ol>\n<h2>3.- Derechos de propiedad intelectual e industrial<\/h2>\n<p>IB-EX es titular de los derechos de propiedad intelectual e industrial de todos los elementos que integran\u00a0www.ibex.eus, incluyendo la marca, nombre comercial o signo distintivo. En particular y a t\u00edtulo no limitativo, est\u00e1n\u00a0protegidos por los derechos de autor, el dise\u00f1o gr\u00e1fico, c\u00f3digo fuente, logos, textos, gr\u00e1ficos, ilustraciones,\u00a0fotograf\u00edas, sonidos y dem\u00e1s elementos contenidos en sitio web.<\/p>\n<p>En ning\u00fan caso el acceso o navegaci\u00f3n en www.ibex.eus, implica renuncia, transmisi\u00f3n o licencia total o parcial\u00a0de IB-EX para uso personal al Usuario sobre sus derechos de propiedad intelectual e industrial.<\/p>\n<p>Por ello, el Usuario reconoce que la reproducci\u00f3n, copiado, distribuci\u00f3n, comercializaci\u00f3n, transformaci\u00f3n,\u00a0reutilizaci\u00f3n, comunicaci\u00f3n p\u00fablica y en general, cualquier otra forma de explotaci\u00f3n, por cualquier procedimiento,\u00a0de todo o parte de los contenidos de www.ibex.eus, sin autorizaci\u00f3n expresa y por escrito de IB-EX, constituye\u00a0una infracci\u00f3n de sus derechos de propiedad intelectual y\/o industrial.<\/p>\n<p>Toda la informaci\u00f3n que no tenga la consideraci\u00f3n de dato personal transmitida voluntariamente a www.ibex.eus\u00a0a trav\u00e9s de Internet (incluyendo cualquier observaci\u00f3n, sugerencia, idea, gr\u00e1ficos, etc.) pasar\u00e1 a ser propiedad\u00a0exclusiva de IB-EX que ostentar\u00e1 los derechos ilimitados de uso, sin devengar por ello ninguna compensaci\u00f3n a\u00a0favor del Usuario.<\/p>\n<h2>4.- R\u00e9gimen de responsabilidades y garant\u00edas<\/h2>\n<ol>\n<li>IB-EX declara que ha adoptado las medidas tanto t\u00e9cnicas como organizativas, que dentro de sus\u00a0posibilidades y el estado de la tecnolog\u00eda, permitan el correcto funcionamiento de la web, as\u00ed como la\u00a0ausencia de virus y componentes da\u00f1inos, sin embargo no puede hacerse responsable de: (a) la\u00a0continuidad y disponibilidad de los contenidos y servicios recogidos en www.ibex.eus (b) la ausencia de\u00a0errores en dichos contenidos ni la correcci\u00f3n de cualquier defecto que pudiera ocurrir; (c) la ausencia de\u00a0virus y\/o dem\u00e1s componentes da\u00f1inos en www.ibex.eus; (d) la inexpugnabilidad de las medidas de\u00a0seguridad que se han adoptado; (e) los da\u00f1os o perjuicios que cause cualquier persona que vulnere los\u00a0sistemas de seguridad de www.ibex.eus.<\/li>\n<li>IB-EX no puede garantizar la exactitud, disponibilidad, utilidad, o veracidad de todos los contenidos incluidos\u00a0en www.ibex.eus, por tanto excluye cualquier responsabilidad directa o indirecta por da\u00f1os y perjuicios de\u00a0toda naturaleza, derivada de la defraudaci\u00f3n de utilidad o expectativas que el Usuario haya depositado en la\u00a0misma.<\/li>\n<li>El Usuario ser\u00e1 el \u00fanico responsable ante terceros, de cualquier comunicaci\u00f3n enviada personalmente o a\u00a0su nombre a www.ibex.eus, as\u00ed como del uso ileg\u00edtimo de los contenidos y servicios contenidos en esta web.<\/li>\n<li>IB-EX se reserva el derecho a suspender temporalmente y sin previo aviso, la accesibilidad a www.ibex.eus\u00a0con motivo de operaciones de mantenimiento, reparaci\u00f3n, actualizaci\u00f3n o mejora. Siempre que las\u00a0circunstancias lo permitan IB-EX publicar\u00e1 en su web, con antelaci\u00f3n suficiente, un aviso indicando la fecha\u00a0prevista para la suspensi\u00f3n de los servicios.<\/li>\n<li>Los enlaces a otras p\u00e1ginas web que en su caso existan en www.ibex.eus pueden llevarle a sitios web de\u00a0los que IB-EX no asume ninguna responsabilidad, ya que no dispone de ning\u00fan tipo de control sobre los\u00a0mismos, siendo su finalidad, informar al Usuario de otras fuentes de informaci\u00f3n, por lo que el Usuario\u00a0accede bajo su exclusiva responsabilidad al contenido y en las condiciones de uso que rijan en los mismos.<\/li>\n<li>IB-EX no se responsabiliza del uso que los Usuarios puedan hacer de los contenidos y servicios incluidos en\u00a0su web. En consecuencia no garantiza que el uso que los Usuarios puedan hacer de los contenidos y\u00a0servicios referidos, se ajusten a las presentes condiciones generales de uso, ni que lo hagan de forma\u00a0diligente.<\/li>\n<\/ol>\n<h2>5.- Pol\u00edtica de privacidad<\/h2>\n<p>En cumplimiento de la Ley Org\u00e1nica 15\/1999, de 13 de diciembre, de Protecci\u00f3n de Datos de Car\u00e1cter Personal\u00a0(LOPD), le informamos que los datos personales que nos suministre a trav\u00e9s de la p\u00e1gina web www.ibex.eus,\u00a0ser\u00e1n tratados de forma confidencial y pasar\u00e1n a formar parte de un fichero automatizado titularidad de\u00a0LEARNPLUS IB-EX, S.L. con direcci\u00f3n en Paseo Urkizu 9 Eibar 20600 Gipuzkoa, y que ha sido debidamente\u00a0inscrito en la Agencia Espa\u00f1ola de Protecci\u00f3n de Datos (www.agpd.es).<\/p>\n<p>Sus datos personales ser\u00e1n utilizados con la finalidad de contestar a su solicitud o prestarle el servicio solicitado.\u00a0Sus datos de contacto podr\u00e1n conservarse indefinidamente para el env\u00edo (por canales ordinarios o \u00a0lectr\u00f3nicos)\u00a0de informaci\u00f3n relacionada con nuestra actividad que pueda resultar de su inter\u00e9s, sin perjuicio de su derecho de\u00a0cancelaci\u00f3n que podr\u00e1 ejercitar en todo momento. Si no desea recibir esta informaci\u00f3n puede indicarlo en la\u00a0direcci\u00f3n de correo info@ibex.eus y procederemos a la cancelaci\u00f3n inmediata de sus datos.<\/p>\n<p>Asimismo le informamos que puede ejercitar sus derechos de acceso, rectificaci\u00f3n, cancelaci\u00f3n y oposici\u00f3n con\u00a0arreglo a lo previsto en la LOPD, enviando una carta certificada o forma equivalente que permita acreditar su\u00a0recepci\u00f3n, junto con la fotocopia de su D.N.I., a la siguiente direcci\u00f3n: Paseo Urkizu 9 Eibar 20600 Gipuzkoa. La\u00a0no cumplimentaci\u00f3n de los campos, indicados como obligatorios, que aparecen en cualquier formulario de registro\u00a0electr\u00f3nico, podr\u00e1 tener como consecuencia que IB-EX no pueda atender a su solicitud.<\/p>\n<p>IB-EX no vende, cede, arrienda ni transmite de ning\u00fan modo, informaci\u00f3n o datos de car\u00e1cter personal de sus\u00a0Clientes\/Usuarios a terceros.<\/p>\n<p><strong>EL USUARIO SE ABSTENDR\u00c1 DE INTRODUCIR DATOS SOBRE SU SALUD Y OTROS ESPECIALMENTE\u00a0PROTEGIDOS (IDEOLOG\u00cdA, RELIGI\u00d3N, CREENCIAS, AFILIACI\u00d3N SINDICAL, ORIGEN RACIAL, VIOLENCIA\u00a0DE DE G\u00c9NERO Y ORIENTACI\u00d3N SEXUAL), O DATOS PERSONALES RELATIVOS A TERCERAS\u00a0PERSONAS, EN LOS FORMULARIOS DE CONTACTO INCLUIDOS EN LA WEB, EN TANTO EN CUANTO,\u00a0INTERNET NO ES UN MEDIO SEGURO PARA SUMINISTRAR ESTE TIPO DE DATOS SIN LA PROTECCI\u00d3N\u00a0DE CONEXIONES SEGURAS O ENCRIPTADAS. NUESTRA WEB NO GARANTIZA LA ENCRIPTACI\u00d3N DE\u00a0LAS COMUNICACIONES.<\/strong><\/p>\n<p>El Usuario garantiza que los datos personales facilitados a IB-EX son veraces y se hace responsable de\u00a0comunicar cualquier modificaci\u00f3n en los mismos. El Usuario ser\u00e1 el \u00fanico responsable de cualquier da\u00f1o o\u00a0perjuicio, directo o indirecto, que pudiera ocasionar a IB-EX o a cualquier tercero a causa de la cumplimentaci\u00f3n\u00a0de los formularios con datos falsos, inexactos, incompletos o no actualizados. El Usuario no deber\u00e1 incluir datos\u00a0personales de terceros sin su consentimiento informado previo de lo establecido en la presente pol\u00edtica de\u00a0privacidad, siendo el \u00fanico responsable de su introducci\u00f3n.<\/p>\n<p>Se advierte a los ni\u00f1os y j\u00f3venes menores de 18 a\u00f1os que han de tener el permiso de sus padres o tutores para\u00a0proporcionar datos personales en el sitio web de IB-EX.<\/p>\n<p>IB-EX ha adoptado las medidas necesarias para evitar la alteraci\u00f3n, p\u00e9rdida, tratamiento o acceso no autorizado\u00a0de los datos personales, habida cuenta en todo momento del estado de la tecnolog\u00eda, la naturaleza de los datos\u00a0almacenados y los riesgos a que est\u00e1n expuestos, ya provengan de la acci\u00f3n humana o del medio f\u00edsico o natural,\u00a0no obstante, el Usuario debe ser consciente de que las medidas de seguridad en Internet no son inexpugnables.<\/p>\n<h2>6.- Duraci\u00f3n y modificaci\u00f3n<\/h2>\n<ol>\n<li>IB-EX se reserva el derecho a modificar, total o parcialmente, las presentes condiciones de acceso\u00a0publicando los cambios en www.ibex.eus. Asimismo podr\u00e1 efectuar sin previo aviso las modificaciones que\u00a0considere oportunas en el sitio web, pudiendo cambiar, suprimir o a\u00f1adir tanto los contenidos y servicios que\u00a0presta, como la forma en la que \u00e9stos aparezcan presentados o localizados. En consecuencia se entender\u00e1n\u00a0como vigentes, las condiciones que est\u00e9n publicadas en el momento en el que el Usuario acceda a\u00a0www.ibex.eus por lo que el Usuario deber\u00e1 leer peri\u00f3dicamente dichas condiciones de uso.<\/li>\n<li>Con independencia de lo dispuesto en las condiciones particulares, el Usuario declara conocer y acepta\u00a0expresamente que IB-EX, por razones econ\u00f3micas, de oportunidad o de negocio podr\u00e1 de forma unilateral y\u00a0sin necesidad de justificaci\u00f3n alguna, suspender, interrumpir o cerrar www.ibex.eus, temporal o\u00a0definitivamente, en cualquier momento, sin necesidad de preaviso, y sin posibilidad por parte del Usuario de\u00a0exigir indemnizaci\u00f3n alguna.<\/li>\n<\/ol>\n<h2>7.- Legislaci\u00f3n aplicable y competencia jurisdiccional<\/h2>\n<p>Las relaciones establecidas entre IB-EX y el Usuario se regir\u00e1n por lo dispuesto en la normativa vigente acerca\u00a0de la legislaci\u00f3n aplicable y la jurisdicci\u00f3n competente. No obstante, para los casos en los que la normativa\u00a0prevea la posibilidad a las partes de someterse a un fuero, IB-EX y el Usuario, con renuncia expresa a cualquier\u00a0otro fuero que pudiera corresponderles, se someten a los Juzgados y Tribunales de la ciudad de San Sebasti\u00e1n.<\/p>","protected":false},"excerpt":{"rendered":"<p>1.- Identidad del titular de la presente web En cumplimiento de la Ley 34\/2002, de 11 de julio, de Servicios de la Sociedad de la Informaci\u00f3n y de Comercio\u00a0Electr\u00f3nico, le informamos que el titular de www.ibex.eus es: Raz\u00f3n social: TERESA AGUIRREGOMEZCORTA AGUIRRE Y OTRA CB C.I.F. n\u00ba: E75191635 Direcci\u00f3n: C\/ Errebal N15, 1.centro. 20600 Eibar, [&hellip;]<\/p>\n","protected":false},"author":1,"featured_media":0,"parent":0,"menu_order":0,"comment_status":"closed","ping_status":"closed","template":"","meta":[],"_links":{"self":[{"href":"https:\/\/ibex.eus\/eu\/wp-json\/wp\/v2\/pages\/150"}],"collection":[{"href":"https:\/\/ibex.eus\/eu\/wp-json\/wp\/v2\/pages"}],"about":[{"href":"https:\/\/ibex.eus\/eu\/wp-json\/wp\/v2\/types\/page"}],"author":[{"embeddable":true,"href":"https:\/\/ibex.eus\/eu\/wp-json\/wp\/v2\/users\/1"}],"replies":[{"embeddable":true,"href":"https:\/\/ibex.eus\/eu\/wp-json\/wp\/v2\/comments?post=150"}],"version-history":[{"count":4,"href":"https:\/\/ibex.eus\/eu\/wp-json\/wp\/v2\/pages\/150\/revisions"}],"predecessor-version":[{"id":264,"href":"https:\/\/ibex.eus\/eu\/wp-json\/wp\/v2\/pages\/150\/revisions\/264"}],"wp:attachment":[{"href":"https:\/\/ibex.eus\/eu\/wp-json\/wp\/v2\/media?parent=150"}],"curies":[{"name":"wp","href":"https:\/\/api.w.org\/{rel}","templated":true}]}}